{"id":3125,"date":"2018-07-03T14:34:16","date_gmt":"2018-07-03T12:34:16","guid":{"rendered":"http:\/\/cabinepertrattori.com\/?product=import-placeholder-for-890"},"modified":"2022-01-05T16:59:11","modified_gmt":"2022-01-05T15:59:11","slug":"cabina-per-trattori-3425-3435-3445-3455-s-f-piattaforma","status":"publish","type":"product","link":"https:\/\/cabinepertrattori.it\/?product=cabina-per-trattori-3425-3435-3445-3455-s-f-piattaforma","title":{"rendered":"Cabina per trattori Massey Ferguson 3425 \u2013 3435 \u2013 3445 \u2013 3455  \u201cS\u201d \/ \u201cF\u201d  Piattaforma"},"content":{"rendered":"<p>Cabina per trattori Massey Ferguson 3425 \u2013 3435 \u2013 3445 \u2013 3455 \u201cS\u201d \/ \u201cF\u201d Piattaforma.<\/p>\n","protected":false},"excerpt":{"rendered":"<p>Cabina per trattori agricoli Massey Ferguson 3425 \u2013 3435 \u2013 3445 \u2013 3455 \u201cS\u201d \/ \u201cF\u201d Piattaforma.<\/p>\n<p>Traktorkabinen, cabines pour tracteurs agricoles, cabs for agricultural tractors, kabine za kmetijske traktorje, kabina p\u00ebr traktor\u00eb bujq\u00ebsor\u00eb, kabine za poljoprivredne traktore, kabiny pro zem\u011bd\u011blsk\u00e9 traktory, \u043a\u0430\u0431\u0438\u043d\u044b \u0434\u043b\u044f \u0441\u0435\u043b\u044c\u0441\u043a\u043e\u0445\u043e\u0437\u044f\u0439\u0441\u0442\u0432\u0435\u043d\u043d\u044b\u0445 \u0442\u0440\u0430\u043a\u0442\u043e\u0440\u043e\u0432, kab\u00edny pre po\u013enohospod\u00e1rske traktory, cabinas para tractores agr\u00edcolas, cabines voor landbouwtrekkers, \u03ba\u03b1\u03bc\u03c0\u03af\u03bd\u03b5\u03c2 \u03b3\u03b9\u03b1 \u03b3\u03b5\u03c9\u03c1\u03b3\u03b9\u03ba\u03bf\u03cd\u03c2 \u03b5\u03bb\u03ba\u03c5\u03c3\u03c4\u03ae\u03c1\u03b5\u03c2, Fahrerh\u00e4user f\u00fcr landwirtschaftliche Traktoren.<\/p>\n<h3 class=\"product-title\" data-fontsize=\"16\" data-lineheight=\"24\"><\/h3>\n<p>&nbsp;<\/p>\n","protected":false},"featured_media":1895,"comment_status":"closed","ping_status":"closed","template":"","meta":{"rank_math_lock_modified_date":false},"product_cat":[87,43],"product_tag":[],"class_list":{"0":"post-3125","1":"product","2":"type-product","3":"status-publish","4":"has-post-thumbnail","6":"product_cat-cabine-normali","7":"product_cat-massey-ferguson","9":"first","10":"instock","11":"shipping-taxable","12":"product-type-simple"},"_links":{"self":[{"href":"https:\/\/cabinepertrattori.it\/index.php?rest_route=\/wp\/v2\/product\/3125"}],"collection":[{"href":"https:\/\/cabinepertrattori.it\/index.php?rest_route=\/wp\/v2\/product"}],"about":[{"href":"https:\/\/cabinepertrattori.it\/index.php?rest_route=\/wp\/v2\/types\/product"}],"replies":[{"embeddable":true,"href":"https:\/\/cabinepertrattori.it\/index.php?rest_route=%2Fwp%2Fv2%2Fcomments&post=3125"}],"version-history":[{"count":7,"href":"https:\/\/cabinepertrattori.it\/index.php?rest_route=\/wp\/v2\/product\/3125\/revisions"}],"predecessor-version":[{"id":7838,"href":"https:\/\/cabinepertrattori.it\/index.php?rest_route=\/wp\/v2\/product\/3125\/revisions\/7838"}],"wp:featuredmedia":[{"embeddable":true,"href":"https:\/\/cabinepertrattori.it\/index.php?rest_route=\/wp\/v2\/media\/1895"}],"wp:attachment":[{"href":"https:\/\/cabinepertrattori.it\/index.php?rest_route=%2Fwp%2Fv2%2Fmedia&parent=3125"}],"wp:term":[{"taxonomy":"product_cat","embeddable":true,"href":"https:\/\/cabinepertrattori.it\/index.php?rest_route=%2Fwp%2Fv2%2Fproduct_cat&post=3125"},{"taxonomy":"product_tag","embeddable":true,"href":"https:\/\/cabinepertrattori.it\/index.php?rest_route=%2Fwp%2Fv2%2Fproduct_tag&post=3125"}],"curies":[{"name":"wp","href":"https:\/\/api.w.org\/{rel}","templated":true}]}}