{"id":7779,"date":"2020-11-22T16:45:58","date_gmt":"2020-11-22T15:45:58","guid":{"rendered":"http:\/\/cabinepertrattori.com\/?post_type=product&#038;p=7779"},"modified":"2022-01-12T17:37:38","modified_gmt":"2022-01-12T16:37:38","slug":"kabinen-und-vordacher-fur-landwirtschaftliche-traktoren-aller-marken","status":"publish","type":"product","link":"https:\/\/cabinepertrattori.it\/?product=kabinen-und-vordacher-fur-landwirtschaftliche-traktoren-aller-marken","title":{"rendered":"Kabinen und Vord\u00e4cher f\u00fcr landwirtschaftliche Traktoren aller Marken"},"content":{"rendered":"<p>Kabinen und Vord\u00e4cher f\u00fcr landwirtschaftliche Traktoren aller Marken<\/p>\n<p>Wenn Sie einen Vies-Mehrwertsteuercode au\u00dferhalb Deutschlands kaufen m\u00f6chten, k\u00f6nnen Sie bis zu 15% sparen.<\/p>\n","protected":false},"excerpt":{"rendered":"<p>Kabinen und Vord\u00e4cher f\u00fcr landwirtschaftliche Traktoren aller Marken<\/p>\n<p>bietet eine Reihe von Kabinen f\u00fcr landwirtschaftliche Rad- und Raupentraktoren sowie je nach Marke einige von der OECD zugelassene an. Die Einstellungen werden in den drei Versionen oder in der abgesenkten Kabinenversion beschrieben, die Sie finden, wenn Sie auf die Kabine Ihrer Wahl klicken. M\u00f6glichkeit der Montage oder Einrichtung eines L\u00fcftungs- und Heizungssystems mit Staubfilter und kompletter Klimaanlage. Wir erinnern Sie daran, dass auch Universal-, Frontal- und Semi-Cab-Vord\u00e4cher erh\u00e4ltlich sind.<br \/>\nDurch die Wahl der Klimaanlage als Zubeh\u00f6r k\u00f6nnen einige Modelle die Dach\u00f6ffnung verlieren.<\/p>\n<p>Unter allen Traktorkabinenmarken, mit denen wir zu tun haben: Agrifull, Antonio Carraro, Bcs, Branson, Carraro, Traktor, Case IH, Claas, Deutz-Fahr, Ferrari, Fiatagri, Godoni, Hurlimann, John Deere, Kubota, Lamborghini, Landini, LS Traktor, Massey Ferguson, McCormick, New Holland, Pasquali, Shibaura, Valpadana, Valtra, Kioti und Iseki. F\u00fcr Informationen senden Sie uns eine E-Mail an info@agriland24.com oder mit Whatsapp unter 0039 340 8708230<\/p>\n","protected":false},"featured_media":7499,"comment_status":"open","ping_status":"closed","template":"","meta":{"rank_math_lock_modified_date":false},"product_cat":[16],"product_tag":[],"class_list":{"0":"post-7779","1":"product","2":"type-product","3":"status-publish","4":"has-post-thumbnail","6":"product_cat-cabine-e-cappottine-per-trattori","8":"first","9":"instock","10":"shipping-taxable","11":"product-type-simple"},"_links":{"self":[{"href":"https:\/\/cabinepertrattori.it\/index.php?rest_route=\/wp\/v2\/product\/7779"}],"collection":[{"href":"https:\/\/cabinepertrattori.it\/index.php?rest_route=\/wp\/v2\/product"}],"about":[{"href":"https:\/\/cabinepertrattori.it\/index.php?rest_route=\/wp\/v2\/types\/product"}],"replies":[{"embeddable":true,"href":"https:\/\/cabinepertrattori.it\/index.php?rest_route=%2Fwp%2Fv2%2Fcomments&post=7779"}],"version-history":[{"count":2,"href":"https:\/\/cabinepertrattori.it\/index.php?rest_route=\/wp\/v2\/product\/7779\/revisions"}],"predecessor-version":[{"id":7781,"href":"https:\/\/cabinepertrattori.it\/index.php?rest_route=\/wp\/v2\/product\/7779\/revisions\/7781"}],"wp:featuredmedia":[{"embeddable":true,"href":"https:\/\/cabinepertrattori.it\/index.php?rest_route=\/wp\/v2\/media\/7499"}],"wp:attachment":[{"href":"https:\/\/cabinepertrattori.it\/index.php?rest_route=%2Fwp%2Fv2%2Fmedia&parent=7779"}],"wp:term":[{"taxonomy":"product_cat","embeddable":true,"href":"https:\/\/cabinepertrattori.it\/index.php?rest_route=%2Fwp%2Fv2%2Fproduct_cat&post=7779"},{"taxonomy":"product_tag","embeddable":true,"href":"https:\/\/cabinepertrattori.it\/index.php?rest_route=%2Fwp%2Fv2%2Fproduct_tag&post=7779"}],"curies":[{"name":"wp","href":"https:\/\/api.w.org\/{rel}","templated":true}]}}